{"id":48,"date":"2025-12-16T18:45:34","date_gmt":"2025-12-16T18:45:34","guid":{"rendered":"https:\/\/honeydew-cobra-388057.hostingersite.com\/?page_id=48"},"modified":"2026-02-20T21:42:55","modified_gmt":"2026-02-20T21:42:55","slug":"tratamento-agua-efluentes-para-acucar-e-alcool","status":"publish","type":"page","link":"https:\/\/matryxpq.com.br\/en\/tratamento-agua-efluentes-para-acucar-e-alcool\/","title":{"rendered":"Sugar and alcohol"},"content":{"rendered":"\t\t<div data-elementor-type=\"wp-page\" data-elementor-id=\"48\" class=\"elementor elementor-48\" data-elementor-post-type=\"page\">\n\t\t\t\t<div class=\"elementor-element elementor-element-0895e72 e-flex e-con-boxed e-con e-parent\" data-id=\"0895e72\" data-element_type=\"container\" data-e-type=\"container\" data-settings=\"{&quot;background_background&quot;:&quot;classic&quot;}\">\n\t\t\t\t\t<div class=\"e-con-inner\">\n\t\t\t\t\t<\/div>\n\t\t\t\t<\/div>\n\t\t<div class=\"elementor-element elementor-element-212e236 e-flex e-con-boxed e-con e-parent\" data-id=\"212e236\" data-element_type=\"container\" data-e-type=\"container\">\n\t\t\t\t\t<div class=\"e-con-inner\">\n\t\t\t\t<div class=\"elementor-element elementor-element-c3b4e1e elementor-widget-tablet__width-initial elementor-widget__width-initial elementor-invisible elementor-widget elementor-widget-heading\" data-id=\"c3b4e1e\" data-element_type=\"widget\" data-e-type=\"widget\" data-settings=\"{&quot;_animation&quot;:&quot;fadeIn&quot;}\" data-widget_type=\"heading.default\">\n\t\t\t\t\t<h1 class=\"elementor-heading-title elementor-size-default\">Tratamento de \u00e1gua e efluentes para o setor de a\u00e7\u00facar e \u00e1lcool<\/h1>\t\t\t\t<\/div>\n\t\t\t\t<div class=\"elementor-element elementor-element-6b20ff1 elementor-widget__width-initial elementor-invisible elementor-widget elementor-widget-text-editor\" data-id=\"6b20ff1\" data-element_type=\"widget\" data-e-type=\"widget\" data-settings=\"{&quot;_animation&quot;:&quot;fadeIn&quot;}\" data-widget_type=\"text-editor.default\">\n\t\t\t\t\t\t\t\t\tA cana-de-a\u00e7\u00facar \u00e9 uma alternativa para biocombust\u00edveis, impulsionada por tem\u00e1ticas ambientais e pela necessidade de independ\u00eancia dos derivados do petr\u00f3leo na sustentabilidade econ\u00f4mica dos transportes no Brasil. Com lideran\u00e7a na produ\u00e7\u00e3o de cana e derivados, o Brasil mant\u00e9m protagonismo no mercado agr\u00edcola e na economia do pa\u00eds.\t\t\t\t\t\t\t\t<\/div>\n\t\t\t\t\t<\/div>\n\t\t\t\t<\/div>\n\t\t<div class=\"elementor-element elementor-element-b47abc8 e-con-full e-flex e-con e-parent\" data-id=\"b47abc8\" data-element_type=\"container\" data-e-type=\"container\">\n\t\t<div class=\"elementor-element elementor-element-5590083 e-con-full e-flex e-con e-child\" data-id=\"5590083\" data-element_type=\"container\" data-e-type=\"container\">\n\t\t<div class=\"elementor-element elementor-element-1bbd5df e-con-full grid-inner e-flex e-con e-child\" data-id=\"1bbd5df\" data-element_type=\"container\" data-e-type=\"container\">\n\t\t\t\t<div class=\"elementor-element elementor-element-6925c44 elementor-widget__width-auto elementor-invisible elementor-widget elementor-widget-heading\" data-id=\"6925c44\" data-element_type=\"widget\" data-e-type=\"widget\" data-settings=\"{&quot;_animation&quot;:&quot;fadeInLeft&quot;}\" data-widget_type=\"heading.default\">\n\t\t\t\t\t<h2 class=\"elementor-heading-title elementor-size-default\">Caracter\u00edsticas do segmento<\/h2>\t\t\t\t<\/div>\n\t\t\t\t<div class=\"elementor-element elementor-element-4e03cc7 elementor-widget__width-inherit elementor-invisible elementor-widget elementor-widget-heading\" data-id=\"4e03cc7\" data-element_type=\"widget\" data-e-type=\"widget\" data-settings=\"{&quot;_animation&quot;:&quot;fadeInLeft&quot;}\" data-widget_type=\"heading.default\">\n\t\t\t\t\t<h2 class=\"elementor-heading-title elementor-size-default\">Um setor estrat\u00e9gico para energia e economia<\/h2>\t\t\t\t<\/div>\n\t\t\t\t<div class=\"elementor-element elementor-element-e6c6178 elementor-widget__width-inherit elementor-invisible elementor-widget elementor-widget-text-editor\" data-id=\"e6c6178\" data-element_type=\"widget\" data-e-type=\"widget\" data-settings=\"{&quot;_animation&quot;:&quot;fadeInLeft&quot;}\" data-widget_type=\"text-editor.default\">\n\t\t\t\t\t\t\t\t\tA cana-de-a\u00e7\u00facar se consolidou como alternativa para biocombust\u00edveis, impulsionada por tem\u00e1ticas ambientais e pela necessidade de independ\u00eancia dos derivados do petr\u00f3leo na sustentabilidade econ\u00f4mica dos transportes no Brasil. Outros pa\u00edses utilizam etanol na matriz energ\u00e9tica, e o d\u00e9ficit entre oferta e demanda mundial tende a manter o Brasil como principal fornecedor. Nesse cen\u00e1rio, o setor se mant\u00e9m como protagonista no mercado agr\u00edcola e na economia do pa\u00eds.\t\t\t\t\t\t\t\t<\/div>\n\t\t\t\t<\/div>\n\t\t\t\t<\/div>\n\t\t<div class=\"elementor-element elementor-element-1c383b3 e-con-full e-flex e-con e-child\" data-id=\"1c383b3\" data-element_type=\"container\" data-e-type=\"container\" data-settings=\"{&quot;background_background&quot;:&quot;classic&quot;}\">\n\t\t\t\t<\/div>\n\t\t\t\t<\/div>\n\t\t<div class=\"elementor-element elementor-element-cb361a6 e-con-full e-flex e-con e-parent\" data-id=\"cb361a6\" data-element_type=\"container\" data-e-type=\"container\">\n\t\t<div class=\"elementor-element elementor-element-626fbde e-con-full e-flex e-con e-child\" data-id=\"626fbde\" data-element_type=\"container\" data-e-type=\"container\" data-settings=\"{&quot;background_background&quot;:&quot;classic&quot;}\">\n\t\t\t\t<\/div>\n\t\t<div class=\"elementor-element elementor-element-c8b5767 e-con-full e-flex e-con e-child\" data-id=\"c8b5767\" data-element_type=\"container\" data-e-type=\"container\">\n\t\t<div class=\"elementor-element elementor-element-005e6a0 e-con-full grid-inner e-flex e-con e-child\" data-id=\"005e6a0\" data-element_type=\"container\" data-e-type=\"container\">\n\t\t\t\t<div class=\"elementor-element elementor-element-e97fe75 elementor-widget__width-auto elementor-invisible elementor-widget elementor-widget-heading\" data-id=\"e97fe75\" data-element_type=\"widget\" data-e-type=\"widget\" data-settings=\"{&quot;_animation&quot;:&quot;fadeInRight&quot;}\" data-widget_type=\"heading.default\">\n\t\t\t\t\t<h2 class=\"elementor-heading-title elementor-size-default\">Desafios do segmento<\/h2>\t\t\t\t<\/div>\n\t\t\t\t<div class=\"elementor-element elementor-element-dcee67d elementor-widget__width-inherit elementor-invisible elementor-widget elementor-widget-heading\" data-id=\"dcee67d\" data-element_type=\"widget\" data-e-type=\"widget\" data-settings=\"{&quot;_animation&quot;:&quot;fadeInRight&quot;}\" data-widget_type=\"heading.default\">\n\t\t\t\t\t<h2 class=\"elementor-heading-title elementor-size-default\">Efici\u00eancia e custo sob press\u00e3o<\/h2>\t\t\t\t<\/div>\n\t\t\t\t<div class=\"elementor-element elementor-element-0dcfe63 elementor-widget__width-inherit elementor-invisible elementor-widget elementor-widget-text-editor\" data-id=\"0dcfe63\" data-element_type=\"widget\" data-e-type=\"widget\" data-settings=\"{&quot;_animation&quot;:&quot;fadeInRight&quot;}\" data-widget_type=\"text-editor.default\">\n\t\t\t\t\t\t\t\t\tA flutua\u00e7\u00e3o dos pre\u00e7os internacionais do a\u00e7\u00facar e a instabilidade do pre\u00e7o do barril de petr\u00f3leo no mercado internacional exigem maiores investimentos para otimizar a produ\u00e7\u00e3o. O foco est\u00e1 em melhorar a qualidade dos produtos, aumentar a efici\u00eancia dos processos e reduzir custos.\t\t\t\t\t\t\t\t<\/div>\n\t\t\t\t<\/div>\n\t\t\t\t<\/div>\n\t\t\t\t<\/div>\n\t\t<div class=\"elementor-element elementor-element-877c93d e-con-full e-flex e-con e-parent\" data-id=\"877c93d\" data-element_type=\"container\" data-e-type=\"container\" data-settings=\"{&quot;background_background&quot;:&quot;classic&quot;}\">\n\t\t<div class=\"elementor-element elementor-element-deb572b e-con-full e-flex e-con e-child\" data-id=\"deb572b\" data-element_type=\"container\" data-e-type=\"container\">\n\t\t<div class=\"elementor-element elementor-element-312e3cd e-con-full grid-inner e-flex e-con e-child\" data-id=\"312e3cd\" data-element_type=\"container\" data-e-type=\"container\">\n\t\t\t\t<div class=\"elementor-element elementor-element-e84df42 elementor-widget__width-inherit elementor-widget-tablet__width-initial elementor-invisible elementor-widget elementor-widget-heading\" data-id=\"e84df42\" data-element_type=\"widget\" data-e-type=\"widget\" data-settings=\"{&quot;_animation&quot;:&quot;fadeInUp&quot;}\" data-widget_type=\"heading.default\">\n\t\t\t\t\t<h2 class=\"elementor-heading-title elementor-size-default\">Produtos indicados<\/h2>\t\t\t\t<\/div>\n\t\t\t\t<div class=\"elementor-element elementor-element-dd0db28 elementor-widget__width-initial elementor-invisible elementor-widget elementor-widget-text-editor\" data-id=\"dd0db28\" data-element_type=\"widget\" data-e-type=\"widget\" data-settings=\"{&quot;_animation&quot;:&quot;fadeInUp&quot;}\" data-widget_type=\"text-editor.default\">\n\t\t\t\t\t\t\t\t\tNa produ\u00e7\u00e3o de a\u00e7\u00facar e \u00e1lcool, os <strong>floculantes<\/strong><strong><\/strong> atuam como agentes de separa\u00e7\u00e3o s\u00f3lido-l\u00edquido para elevar o desempenho da clarifica\u00e7\u00e3o do caldo e melhorar o rendimento e a efici\u00eancia da f\u00e1brica de a\u00e7\u00facar. Tamb\u00e9m contribuem para otimizar taxas de sedimenta\u00e7\u00e3o e reduzir tempos de reten\u00e7\u00e3o na etapa de clarifica\u00e7\u00e3o.\t\t\t\t\t\t\t\t<\/div>\n\t\t\t\t<\/div>\n\t\t\t\t<\/div>\n\t\t<div class=\"elementor-element elementor-element-c65c877 e-con-full e-flex elementor-invisible e-con e-child\" data-id=\"c65c877\" data-element_type=\"container\" data-e-type=\"container\" data-settings=\"{&quot;background_background&quot;:&quot;classic&quot;,&quot;animation&quot;:&quot;fadeInUp&quot;}\">\n\t\t\t\t<div class=\"elementor-element elementor-element-c6b6f3b elementor-widget__width-initial elementor-hidden-tablet elementor-hidden-mobile elementor-arrows-position-inside elementor-widget elementor-widget-n-carousel\" data-id=\"c6b6f3b\" data-element_type=\"widget\" data-e-type=\"widget\" data-settings=\"{&quot;carousel_items&quot;:[{&quot;slide_title&quot;:&quot;Slide #1&quot;,&quot;_id&quot;:&quot;e0edc84&quot;}],&quot;slides_to_show&quot;:&quot;1&quot;,&quot;slides_to_scroll&quot;:&quot;1&quot;,&quot;speed&quot;:400,&quot;offset_sides&quot;:&quot;right&quot;,&quot;offset_width&quot;:{&quot;unit&quot;:&quot;px&quot;,&quot;size&quot;:100,&quot;sizes&quot;:[]},&quot;image_spacing_custom&quot;:{&quot;unit&quot;:&quot;px&quot;,&quot;size&quot;:60,&quot;sizes&quot;:[]},&quot;slides_to_show_tablet&quot;:&quot;1&quot;,&quot;slides_to_show_mobile&quot;:&quot;1&quot;,&quot;autoplay&quot;:&quot;yes&quot;,&quot;autoplay_speed&quot;:5000,&quot;pause_on_hover&quot;:&quot;yes&quot;,&quot;pause_on_interaction&quot;:&quot;yes&quot;,&quot;infinite&quot;:&quot;yes&quot;,&quot;offset_width_tablet&quot;:{&quot;unit&quot;:&quot;px&quot;,&quot;size&quot;:&quot;&quot;,&quot;sizes&quot;:[]},&quot;offset_width_mobile&quot;:{&quot;unit&quot;:&quot;px&quot;,&quot;size&quot;:&quot;&quot;,&quot;sizes&quot;:[]},&quot;arrows&quot;:&quot;yes&quot;,&quot;image_spacing_custom_tablet&quot;:{&quot;unit&quot;:&quot;px&quot;,&quot;size&quot;:&quot;&quot;,&quot;sizes&quot;:[]},&quot;image_spacing_custom_mobile&quot;:{&quot;unit&quot;:&quot;px&quot;,&quot;size&quot;:&quot;&quot;,&quot;sizes&quot;:[]}}\" data-widget_type=\"nested-carousel.default\">\n\t\t\t\t\t\t\t<div class=\"e-n-carousel swiper\" role=\"region\" aria-roledescription=\"carousel\" aria-label=\"Carrossel\" dir=\"ltr\">\n\t\t\t<div class=\"swiper-wrapper\" aria-live=\"off\">\n\t\t\t\t\t\t\t\t\t\t<div class=\"swiper-slide\" data-slide=\"1\" role=\"group\" aria-roledescription=\"slide\" aria-label=\"1 de 1\">\n\t\t\t\t\t\t\t<div class=\"elementor-element elementor-element-f4501a4 e-flex e-con-boxed e-con e-child\" data-id=\"f4501a4\" data-element_type=\"container\" data-e-type=\"container\" data-settings=\"{&quot;background_background&quot;:&quot;classic&quot;}\">\n\t\t\t\t\t<div class=\"e-con-inner\">\n\t\t\t\t<div class=\"elementor-element elementor-element-7db98d3 elementor-widget__width-inherit elementor-widget elementor-widget-heading\" data-id=\"7db98d3\" data-element_type=\"widget\" data-e-type=\"widget\" data-widget_type=\"heading.default\">\n\t\t\t\t\t<h2 class=\"elementor-heading-title elementor-size-default\"><a href=\"https:\/\/matryxpq.com.br\/en\/tratamento-agua-efluentes-floculantes\/\">Floculantes<\/a><\/h2>\t\t\t\t<\/div>\n\t\t\t\t\t<\/div>\n\t\t\t\t<\/div>\n\t\t\t\t\t\t\t\t<\/div>\n\t\t\t\t\t\t\t\t<\/div>\n\t\t<\/div>\n\t\t\t\t\t\t<\/div>\n\t\t\t\t<div class=\"elementor-element elementor-element-ed4750e elementor-widget__width-initial elementor-hidden-desktop elementor-pagination-type-bullets elementor-pagination-position-outside elementor-widget elementor-widget-n-carousel\" data-id=\"ed4750e\" data-element_type=\"widget\" data-e-type=\"widget\" data-settings=\"{&quot;carousel_items&quot;:[{&quot;slide_title&quot;:&quot;Slide #1&quot;,&quot;_id&quot;:&quot;e0edc84&quot;}],&quot;slides_to_show&quot;:&quot;1&quot;,&quot;slides_to_scroll&quot;:&quot;1&quot;,&quot;speed&quot;:400,&quot;image_spacing_custom&quot;:{&quot;unit&quot;:&quot;px&quot;,&quot;size&quot;:60,&quot;sizes&quot;:[]},&quot;slides_to_scroll_tablet&quot;:&quot;1&quot;,&quot;slides_to_scroll_mobile&quot;:&quot;1&quot;,&quot;image_spacing_custom_tablet&quot;:{&quot;unit&quot;:&quot;px&quot;,&quot;size&quot;:24,&quot;sizes&quot;:[]},&quot;slides_to_show_tablet&quot;:&quot;1&quot;,&quot;slides_to_show_mobile&quot;:&quot;1&quot;,&quot;autoplay&quot;:&quot;yes&quot;,&quot;autoplay_speed&quot;:5000,&quot;pause_on_hover&quot;:&quot;yes&quot;,&quot;pause_on_interaction&quot;:&quot;yes&quot;,&quot;infinite&quot;:&quot;yes&quot;,&quot;offset_sides&quot;:&quot;none&quot;,&quot;pagination&quot;:&quot;bullets&quot;,&quot;image_spacing_custom_mobile&quot;:{&quot;unit&quot;:&quot;px&quot;,&quot;size&quot;:&quot;&quot;,&quot;sizes&quot;:[]}}\" data-widget_type=\"nested-carousel.default\">\n\t\t\t\t\t\t\t<div class=\"e-n-carousel swiper\" role=\"region\" aria-roledescription=\"carousel\" aria-label=\"Carrossel\" dir=\"ltr\">\n\t\t\t<div class=\"swiper-wrapper\" aria-live=\"off\">\n\t\t\t\t\t\t\t\t\t\t<div class=\"swiper-slide\" data-slide=\"1\" role=\"group\" aria-roledescription=\"slide\" aria-label=\"1 de 1\">\n\t\t\t\t\t\t\t<div class=\"elementor-element elementor-element-99932df e-con-full e-flex e-con e-child\" data-id=\"99932df\" data-element_type=\"container\" data-e-type=\"container\" data-settings=\"{&quot;background_background&quot;:&quot;classic&quot;}\">\n\t\t\t\t<div class=\"elementor-element elementor-element-fa18c51 elementor-widget__width-inherit elementor-widget elementor-widget-heading\" data-id=\"fa18c51\" data-element_type=\"widget\" data-e-type=\"widget\" data-widget_type=\"heading.default\">\n\t\t\t\t\t<h2 class=\"elementor-heading-title elementor-size-default\"><a href=\"https:\/\/matryxpq.com.br\/en\/tratamento-agua-efluentes-floculantes\/\">Floculantes<\/a><\/h2>\t\t\t\t<\/div>\n\t\t\t\t<\/div>\n\t\t\t\t\t\t\t\t<\/div>\n\t\t\t\t\t\t\t\t<\/div>\n\t\t<\/div>\n\t\t\t\t\t\t<\/div>\n\t\t\t\t<\/div>\n\t\t\t\t<\/div>\n\t\t\t\t<\/div>\n\t\t","protected":false},"excerpt":{"rendered":"<p>Tratamento de \u00e1gua e efluentes para o setor de a\u00e7\u00facar e \u00e1lcool A cana-de-a\u00e7\u00facar \u00e9 uma alternativa para biocombust\u00edveis, impulsionada por tem\u00e1ticas ambientais e pela necessidade de independ\u00eancia dos derivados do petr\u00f3leo na sustentabilidade econ\u00f4mica dos transportes no Brasil. Com lideran\u00e7a na produ\u00e7\u00e3o de cana e derivados, o Brasil mant\u00e9m protagonismo no mercado agr\u00edcola e [&hellip;]<\/p>\n","protected":false},"author":1,"featured_media":0,"parent":0,"menu_order":0,"comment_status":"closed","ping_status":"closed","template":"elementor_header_footer","meta":{"_acf_changed":false,"footnotes":""},"class_list":["post-48","page","type-page","status-publish","hentry"],"acf":[],"yoast_head":"<!-- This site is optimized with the Yoast SEO plugin v27.4 - https:\/\/yoast.com\/product\/yoast-seo-wordpress\/ -->\n<title>Tratamento de \u00e1gua e efluentes para a\u00e7\u00facar e \u00e1lcool<\/title>\n<meta name=\"description\" content=\"Solu\u00e7\u00f5es qu\u00edmicas para tratamento de \u00e1gua e efluentes no setor de a\u00e7\u00facar e \u00e1lcool, com foco em efici\u00eancia, rendimento e conformidade ambiental.\" \/>\n<meta name=\"robots\" content=\"index, follow, max-snippet:-1, max-image-preview:large, max-video-preview:-1\" \/>\n<link rel=\"canonical\" href=\"https:\/\/matryxpq.com.br\/en\/tratamento-agua-efluentes-para-acucar-e-alcool\/\" \/>\n<meta property=\"og:locale\" content=\"en_US\" \/>\n<meta property=\"og:type\" content=\"article\" \/>\n<meta property=\"og:title\" content=\"Tratamento de \u00e1gua e efluentes para a\u00e7\u00facar e \u00e1lcool\" \/>\n<meta property=\"og:description\" content=\"Solu\u00e7\u00f5es qu\u00edmicas para tratamento de \u00e1gua e efluentes no setor de a\u00e7\u00facar e \u00e1lcool, com foco em efici\u00eancia, rendimento e conformidade ambiental.\" \/>\n<meta property=\"og:url\" content=\"https:\/\/matryxpq.com.br\/en\/tratamento-agua-efluentes-para-acucar-e-alcool\/\" \/>\n<meta property=\"og:site_name\" content=\"Matryx\" \/>\n<meta property=\"article:modified_time\" content=\"2026-02-20T21:42:55+00:00\" \/>\n<meta property=\"og:image\" content=\"https:\/\/matryxpq.com.br\/wp-content\/uploads\/2026\/01\/Logo-Matryx.png\" \/>\n\t<meta property=\"og:image:width\" content=\"1200\" \/>\n\t<meta property=\"og:image:height\" content=\"675\" \/>\n\t<meta property=\"og:image:type\" content=\"image\/png\" \/>\n<meta name=\"twitter:card\" content=\"summary_large_image\" \/>\n<meta name=\"twitter:label1\" content=\"Est. reading time\" \/>\n\t<meta name=\"twitter:data1\" content=\"2 minutes\" \/>\n<script type=\"application\/ld+json\" class=\"yoast-schema-graph\">{\"@context\":\"https:\\\/\\\/schema.org\",\"@graph\":[{\"@type\":\"WebPage\",\"@id\":\"https:\\\/\\\/matryxpq.com.br\\\/tratamento-agua-efluentes-para-acucar-e-alcool\\\/\",\"url\":\"https:\\\/\\\/matryxpq.com.br\\\/tratamento-agua-efluentes-para-acucar-e-alcool\\\/\",\"name\":\"Tratamento de \u00e1gua e efluentes para a\u00e7\u00facar e \u00e1lcool\",\"isPartOf\":{\"@id\":\"https:\\\/\\\/matryxpq.com.br\\\/#website\"},\"datePublished\":\"2025-12-16T18:45:34+00:00\",\"dateModified\":\"2026-02-20T21:42:55+00:00\",\"description\":\"Solu\u00e7\u00f5es qu\u00edmicas para tratamento de \u00e1gua e efluentes no setor de a\u00e7\u00facar e \u00e1lcool, com foco em efici\u00eancia, rendimento e conformidade ambiental.\",\"breadcrumb\":{\"@id\":\"https:\\\/\\\/matryxpq.com.br\\\/tratamento-agua-efluentes-para-acucar-e-alcool\\\/#breadcrumb\"},\"inLanguage\":\"en-US\",\"potentialAction\":[{\"@type\":\"ReadAction\",\"target\":[\"https:\\\/\\\/matryxpq.com.br\\\/tratamento-agua-efluentes-para-acucar-e-alcool\\\/\"]}]},{\"@type\":\"BreadcrumbList\",\"@id\":\"https:\\\/\\\/matryxpq.com.br\\\/tratamento-agua-efluentes-para-acucar-e-alcool\\\/#breadcrumb\",\"itemListElement\":[{\"@type\":\"ListItem\",\"position\":1,\"name\":\"In\u00edcio\",\"item\":\"https:\\\/\\\/matryxpq.com.br\\\/\"},{\"@type\":\"ListItem\",\"position\":2,\"name\":\"A\u00e7\u00facar e \u00e1lcool\"}]},{\"@type\":\"WebSite\",\"@id\":\"https:\\\/\\\/matryxpq.com.br\\\/#website\",\"url\":\"https:\\\/\\\/matryxpq.com.br\\\/\",\"name\":\"Matryx\",\"description\":\"Tecnologia para Tratamento de \u00c1gua e Efluentes Industriais\",\"publisher\":{\"@id\":\"https:\\\/\\\/matryxpq.com.br\\\/#organization\"},\"potentialAction\":[{\"@type\":\"SearchAction\",\"target\":{\"@type\":\"EntryPoint\",\"urlTemplate\":\"https:\\\/\\\/matryxpq.com.br\\\/?s={search_term_string}\"},\"query-input\":{\"@type\":\"PropertyValueSpecification\",\"valueRequired\":true,\"valueName\":\"search_term_string\"}}],\"inLanguage\":\"en-US\"},{\"@type\":\"Organization\",\"@id\":\"https:\\\/\\\/matryxpq.com.br\\\/#organization\",\"name\":\"Matryx\",\"url\":\"https:\\\/\\\/matryxpq.com.br\\\/\",\"logo\":{\"@type\":\"ImageObject\",\"inLanguage\":\"en-US\",\"@id\":\"https:\\\/\\\/matryxpq.com.br\\\/#\\\/schema\\\/logo\\\/image\\\/\",\"url\":\"https:\\\/\\\/matryxpq.com.br\\\/wp-content\\\/uploads\\\/2025\\\/12\\\/Favicon_Matryx.png\",\"contentUrl\":\"https:\\\/\\\/matryxpq.com.br\\\/wp-content\\\/uploads\\\/2025\\\/12\\\/Favicon_Matryx.png\",\"width\":512,\"height\":512,\"caption\":\"Matryx\"},\"image\":{\"@id\":\"https:\\\/\\\/matryxpq.com.br\\\/#\\\/schema\\\/logo\\\/image\\\/\"}}]}<\/script>\n<!-- \/ Yoast SEO plugin. -->","yoast_head_json":{"title":"Tratamento de \u00e1gua e efluentes para a\u00e7\u00facar e \u00e1lcool","description":"Solu\u00e7\u00f5es qu\u00edmicas para tratamento de \u00e1gua e efluentes no setor de a\u00e7\u00facar e \u00e1lcool, com foco em efici\u00eancia, rendimento e conformidade ambiental.","robots":{"index":"index","follow":"follow","max-snippet":"max-snippet:-1","max-image-preview":"max-image-preview:large","max-video-preview":"max-video-preview:-1"},"canonical":"https:\/\/matryxpq.com.br\/en\/tratamento-agua-efluentes-para-acucar-e-alcool\/","og_locale":"en_US","og_type":"article","og_title":"Tratamento de \u00e1gua e efluentes para a\u00e7\u00facar e \u00e1lcool","og_description":"Solu\u00e7\u00f5es qu\u00edmicas para tratamento de \u00e1gua e efluentes no setor de a\u00e7\u00facar e \u00e1lcool, com foco em efici\u00eancia, rendimento e conformidade ambiental.","og_url":"https:\/\/matryxpq.com.br\/en\/tratamento-agua-efluentes-para-acucar-e-alcool\/","og_site_name":"Matryx","article_modified_time":"2026-02-20T21:42:55+00:00","og_image":[{"width":1200,"height":675,"url":"https:\/\/matryxpq.com.br\/wp-content\/uploads\/2026\/01\/Logo-Matryx.png","type":"image\/png"}],"twitter_card":"summary_large_image","twitter_misc":{"Est. reading time":"2 minutes"},"schema":{"@context":"https:\/\/schema.org","@graph":[{"@type":"WebPage","@id":"https:\/\/matryxpq.com.br\/tratamento-agua-efluentes-para-acucar-e-alcool\/","url":"https:\/\/matryxpq.com.br\/tratamento-agua-efluentes-para-acucar-e-alcool\/","name":"Tratamento de \u00e1gua e efluentes para a\u00e7\u00facar e \u00e1lcool","isPartOf":{"@id":"https:\/\/matryxpq.com.br\/#website"},"datePublished":"2025-12-16T18:45:34+00:00","dateModified":"2026-02-20T21:42:55+00:00","description":"Solu\u00e7\u00f5es qu\u00edmicas para tratamento de \u00e1gua e efluentes no setor de a\u00e7\u00facar e \u00e1lcool, com foco em efici\u00eancia, rendimento e conformidade ambiental.","breadcrumb":{"@id":"https:\/\/matryxpq.com.br\/tratamento-agua-efluentes-para-acucar-e-alcool\/#breadcrumb"},"inLanguage":"en-US","potentialAction":[{"@type":"ReadAction","target":["https:\/\/matryxpq.com.br\/tratamento-agua-efluentes-para-acucar-e-alcool\/"]}]},{"@type":"BreadcrumbList","@id":"https:\/\/matryxpq.com.br\/tratamento-agua-efluentes-para-acucar-e-alcool\/#breadcrumb","itemListElement":[{"@type":"ListItem","position":1,"name":"In\u00edcio","item":"https:\/\/matryxpq.com.br\/"},{"@type":"ListItem","position":2,"name":"A\u00e7\u00facar e \u00e1lcool"}]},{"@type":"WebSite","@id":"https:\/\/matryxpq.com.br\/#website","url":"https:\/\/matryxpq.com.br\/","name":"Matryx","description":"Tecnologia para Tratamento de \u00c1gua e Efluentes Industriais","publisher":{"@id":"https:\/\/matryxpq.com.br\/#organization"},"potentialAction":[{"@type":"SearchAction","target":{"@type":"EntryPoint","urlTemplate":"https:\/\/matryxpq.com.br\/?s={search_term_string}"},"query-input":{"@type":"PropertyValueSpecification","valueRequired":true,"valueName":"search_term_string"}}],"inLanguage":"en-US"},{"@type":"Organization","@id":"https:\/\/matryxpq.com.br\/#organization","name":"Matryx","url":"https:\/\/matryxpq.com.br\/","logo":{"@type":"ImageObject","inLanguage":"en-US","@id":"https:\/\/matryxpq.com.br\/#\/schema\/logo\/image\/","url":"https:\/\/matryxpq.com.br\/wp-content\/uploads\/2025\/12\/Favicon_Matryx.png","contentUrl":"https:\/\/matryxpq.com.br\/wp-content\/uploads\/2025\/12\/Favicon_Matryx.png","width":512,"height":512,"caption":"Matryx"},"image":{"@id":"https:\/\/matryxpq.com.br\/#\/schema\/logo\/image\/"}}]}},"_links":{"self":[{"href":"https:\/\/matryxpq.com.br\/en\/wp-json\/wp\/v2\/pages\/48","targetHints":{"allow":["GET"]}}],"collection":[{"href":"https:\/\/matryxpq.com.br\/en\/wp-json\/wp\/v2\/pages"}],"about":[{"href":"https:\/\/matryxpq.com.br\/en\/wp-json\/wp\/v2\/types\/page"}],"author":[{"embeddable":true,"href":"https:\/\/matryxpq.com.br\/en\/wp-json\/wp\/v2\/users\/1"}],"replies":[{"embeddable":true,"href":"https:\/\/matryxpq.com.br\/en\/wp-json\/wp\/v2\/comments?post=48"}],"version-history":[{"count":9,"href":"https:\/\/matryxpq.com.br\/en\/wp-json\/wp\/v2\/pages\/48\/revisions"}],"predecessor-version":[{"id":2628,"href":"https:\/\/matryxpq.com.br\/en\/wp-json\/wp\/v2\/pages\/48\/revisions\/2628"}],"wp:attachment":[{"href":"https:\/\/matryxpq.com.br\/en\/wp-json\/wp\/v2\/media?parent=48"}],"curies":[{"name":"wp","href":"https:\/\/api.w.org\/{rel}","templated":true}]}}