{"id":2135,"date":"2026-02-13T17:24:52","date_gmt":"2026-02-13T17:24:52","guid":{"rendered":"https:\/\/matryxpq.com.br\/?page_id=2135"},"modified":"2026-02-25T13:33:19","modified_gmt":"2026-02-25T13:33:19","slug":"politica-ambiental","status":"publish","type":"page","link":"https:\/\/matryxpq.com.br\/en\/politica-ambiental\/","title":{"rendered":"Environmental Policy"},"content":{"rendered":"<div data-elementor-type=\"wp-page\" data-elementor-id=\"2135\" class=\"elementor elementor-2135\" data-elementor-post-type=\"page\">\n\t\t\t\t<div class=\"elementor-element elementor-element-49a5253 e-flex e-con-boxed e-con e-parent\" data-id=\"49a5253\" data-element_type=\"container\" data-e-type=\"container\">\n\t\t\t\t\t<div class=\"e-con-inner\">\n\t\t\t\t<div class=\"elementor-element elementor-element-be439ec elementor-widget__width-inherit elementor-invisible elementor-widget elementor-widget-heading\" data-id=\"be439ec\" data-element_type=\"widget\" data-e-type=\"widget\" data-settings=\"{&quot;_animation&quot;:&quot;fadeIn&quot;,&quot;_animation_delay&quot;:200}\" data-widget_type=\"heading.default\">\n\t\t\t\t\t<h2 class=\"elementor-heading-title elementor-size-default\">Environmental Policy<\/h2>\t\t\t\t<\/div>\n\t\t\t\t<div class=\"elementor-element elementor-element-31254a3 elementor-widget__width-initial elementor-invisible elementor-widget elementor-widget-text-editor\" data-id=\"31254a3\" data-element_type=\"widget\" data-e-type=\"widget\" data-settings=\"{&quot;_animation&quot;:&quot;fadeIn&quot;,&quot;_animation_delay&quot;:100}\" data-widget_type=\"text-editor.default\">\n\t\t\t\t\t\t\t\t\t<p class=\" translation-block\"><strong>MATRYX, INDUSTRY AND TRADE OF INPUTS FOR WATER TREATMENT<\/strong>, recognizes the importance of socio-environmental responsibility in its activities and establishes the following guidelines as its environmental policy, committing to:<\/p>\t\t\t\t\t\t\t\t<\/div>\n\t\t\t\t<div class=\"elementor-element elementor-element-d13b356 elementor-position-inline-start elementor-tablet-position-inline-start elementor-mobile-position-inline-start elementor-view-default elementor-invisible elementor-widget elementor-widget-icon-box\" data-id=\"d13b356\" data-element_type=\"widget\" data-e-type=\"widget\" data-settings=\"{&quot;_animation&quot;:&quot;fadeIn&quot;,&quot;_animation_delay&quot;:200}\" data-widget_type=\"icon-box.default\">\n\t\t\t\t\t\t\t<div class=\"elementor-icon-box-wrapper\">\n\n\t\t\t\t\t\t<div class=\"elementor-icon-box-icon\">\n\t\t\t\t<span  class=\"elementor-icon\">\n\t\t\t\t<svg xmlns=\"http:\/\/www.w3.org\/2000\/svg\" width=\"43\" height=\"43\" viewbox=\"0 0 43 43\" fill=\"none\"><path d=\"M21.5 41.5C32.5457 41.5 41.5 32.5457 41.5 21.5C41.5 10.4543 32.5457 1.5 21.5 1.5C10.4543 1.5 1.5 10.4543 1.5 21.5C1.5 32.5457 10.4543 41.5 21.5 41.5Z\" stroke=\"#052698\" stroke-width=\"3\"><\/path><path d=\"M10.5 22L17.5 29.5L31.5 14.5\" stroke=\"#052698\" stroke-width=\"3\"><\/path><\/svg>\t\t\t\t<\/span>\n\t\t\t<\/div>\n\t\t\t\n\t\t\t\t\t\t<div class=\"elementor-icon-box-content\">\n\n\t\t\t\t\n\t\t\t\t\t\t\t\t\t<p class=\"elementor-icon-box-description\">\n\t\t\t\t\t\tOperate with environmental responsibility, ensuring pollution prevention and the rational use of natural resources.\t\t\t\t\t<\/p>\n\t\t\t\t\n\t\t\t<\/div>\n\t\t\t\n\t\t<\/div>\n\t\t\t\t\t\t<\/div>\n\t\t\t\t<div class=\"elementor-element elementor-element-912aa50 elementor-position-inline-start elementor-tablet-position-inline-start elementor-mobile-position-inline-start elementor-view-default elementor-invisible elementor-widget elementor-widget-icon-box\" data-id=\"912aa50\" data-element_type=\"widget\" data-e-type=\"widget\" data-settings=\"{&quot;_animation&quot;:&quot;fadeIn&quot;,&quot;_animation_delay&quot;:200}\" data-widget_type=\"icon-box.default\">\n\t\t\t\t\t\t\t<div class=\"elementor-icon-box-wrapper\">\n\n\t\t\t\t\t\t<div class=\"elementor-icon-box-icon\">\n\t\t\t\t<span  class=\"elementor-icon\">\n\t\t\t\t<svg xmlns=\"http:\/\/www.w3.org\/2000\/svg\" width=\"43\" height=\"43\" viewbox=\"0 0 43 43\" fill=\"none\"><path d=\"M21.5 41.5C32.5457 41.5 41.5 32.5457 41.5 21.5C41.5 10.4543 32.5457 1.5 21.5 1.5C10.4543 1.5 1.5 10.4543 1.5 21.5C1.5 32.5457 10.4543 41.5 21.5 41.5Z\" stroke=\"#052698\" stroke-width=\"3\"><\/path><path d=\"M10.5 22L17.5 29.5L31.5 14.5\" stroke=\"#052698\" stroke-width=\"3\"><\/path><\/svg>\t\t\t\t<\/span>\n\t\t\t<\/div>\n\t\t\t\n\t\t\t\t\t\t<div class=\"elementor-icon-box-content\">\n\n\t\t\t\t\n\t\t\t\t\t\t\t\t\t<p class=\"elementor-icon-box-description\">\n\t\t\t\t\t\tPromote environmental protection by considering impact mitigation, potential contamination, and the reduction of risks associated with our activities.\t\t\t\t\t<\/p>\n\t\t\t\t\n\t\t\t<\/div>\n\t\t\t\n\t\t<\/div>\n\t\t\t\t\t\t<\/div>\n\t\t\t\t<div class=\"elementor-element elementor-element-a92d529 elementor-position-inline-start elementor-tablet-position-inline-start elementor-mobile-position-inline-start elementor-view-default elementor-invisible elementor-widget elementor-widget-icon-box\" data-id=\"a92d529\" data-element_type=\"widget\" data-e-type=\"widget\" data-settings=\"{&quot;_animation&quot;:&quot;fadeIn&quot;,&quot;_animation_delay&quot;:200}\" data-widget_type=\"icon-box.default\">\n\t\t\t\t\t\t\t<div class=\"elementor-icon-box-wrapper\">\n\n\t\t\t\t\t\t<div class=\"elementor-icon-box-icon\">\n\t\t\t\t<span  class=\"elementor-icon\">\n\t\t\t\t<svg xmlns=\"http:\/\/www.w3.org\/2000\/svg\" width=\"43\" height=\"43\" viewbox=\"0 0 43 43\" fill=\"none\"><path d=\"M21.5 41.5C32.5457 41.5 41.5 32.5457 41.5 21.5C41.5 10.4543 32.5457 1.5 21.5 1.5C10.4543 1.5 1.5 10.4543 1.5 21.5C1.5 32.5457 10.4543 41.5 21.5 41.5Z\" stroke=\"#052698\" stroke-width=\"3\"><\/path><path d=\"M10.5 22L17.5 29.5L31.5 14.5\" stroke=\"#052698\" stroke-width=\"3\"><\/path><\/svg>\t\t\t\t<\/span>\n\t\t\t<\/div>\n\t\t\t\n\t\t\t\t\t\t<div class=\"elementor-icon-box-content\">\n\n\t\t\t\t\n\t\t\t\t\t\t\t\t\t<p class=\"elementor-icon-box-description\">\n\t\t\t\t\t\tCompliance with mandatory environmental legal requirements and any environmental requirements voluntarily adopted by the organization.\t\t\t\t\t<\/p>\n\t\t\t\t\n\t\t\t<\/div>\n\t\t\t\n\t\t<\/div>\n\t\t\t\t\t\t<\/div>\n\t\t\t\t<div class=\"elementor-element elementor-element-6509b21 elementor-position-inline-start elementor-tablet-position-inline-start elementor-mobile-position-inline-start elementor-view-default elementor-invisible elementor-widget elementor-widget-icon-box\" data-id=\"6509b21\" data-element_type=\"widget\" data-e-type=\"widget\" data-settings=\"{&quot;_animation&quot;:&quot;fadeIn&quot;,&quot;_animation_delay&quot;:200}\" data-widget_type=\"icon-box.default\">\n\t\t\t\t\t\t\t<div class=\"elementor-icon-box-wrapper\">\n\n\t\t\t\t\t\t<div class=\"elementor-icon-box-icon\">\n\t\t\t\t<span  class=\"elementor-icon\">\n\t\t\t\t<svg xmlns=\"http:\/\/www.w3.org\/2000\/svg\" width=\"43\" height=\"43\" viewbox=\"0 0 43 43\" fill=\"none\"><path d=\"M21.5 41.5C32.5457 41.5 41.5 32.5457 41.5 21.5C41.5 10.4543 32.5457 1.5 21.5 1.5C10.4543 1.5 1.5 10.4543 1.5 21.5C1.5 32.5457 10.4543 41.5 21.5 41.5Z\" stroke=\"#052698\" stroke-width=\"3\"><\/path><path d=\"M10.5 22L17.5 29.5L31.5 14.5\" stroke=\"#052698\" stroke-width=\"3\"><\/path><\/svg>\t\t\t\t<\/span>\n\t\t\t<\/div>\n\t\t\t\n\t\t\t\t\t\t<div class=\"elementor-icon-box-content\">\n\n\t\t\t\t\n\t\t\t\t\t\t\t\t\t<p class=\"elementor-icon-box-description\">\n\t\t\t\t\t\tContinuously improve our environmental performance by enhancing the processes of our Environmental Management System (EMS), in order to strengthen the organization\u2019s environmental performance and sustainability.\t\t\t\t\t<\/p>\n\t\t\t\t\n\t\t\t<\/div>\n\t\t\t\n\t\t<\/div>\n\t\t\t\t\t\t<\/div>\n\t\t\t\t<div class=\"elementor-element elementor-element-759f0ef elementor-widget__width-initial elementor-invisible elementor-widget elementor-widget-text-editor\" data-id=\"759f0ef\" data-element_type=\"widget\" data-e-type=\"widget\" data-settings=\"{&quot;_animation&quot;:&quot;fadeIn&quot;,&quot;_animation_delay&quot;:300}\" data-widget_type=\"text-editor.default\">\n\t\t\t\t\t\t\t\t\tWe understand that identifying and understanding the needs and expectations of our stakeholders enables us to provide our clients with enhanced quality services in a sustainable manner.\n<br><br>\nPaul\u00ednia, December 2025\n<br><br>\n<strong>Management<\/strong>\n<br>Matryx<\/br<\t\t\t\t\t\t\t\t<\/div>\n\t\t\t\t\t<\/div>\n\t\t\t\t<\/div>\n\t\t\t\t<\/div>","protected":false},"excerpt":{"rendered":"<p>Pol\u00edtica Ambiental A MATRYX, IND\u00daSTRIA E COM\u00c9RCIO DE INSUMOS PARA O TRATAMENTO DE \u00c1GUAS, reconhece a import\u00e2ncia da responsabilidade socioambiental em suas atividades e estabelece como pol\u00edtica ambiental as seguintes diretrizes, comprometendo-se a: Atuar com responsabilidade ambiental, garantindo a preven\u00e7\u00e3o da polui\u00e7\u00e3o e o uso racional dos recursos naturais. Promover a prote\u00e7\u00e3o do meio ambiente, [&hellip;]<\/p>\n","protected":false},"author":1,"featured_media":0,"parent":0,"menu_order":0,"comment_status":"closed","ping_status":"closed","template":"elementor_header_footer","meta":{"_acf_changed":false,"footnotes":""},"class_list":["post-2135","page","type-page","status-publish","hentry"],"acf":[],"yoast_head":"<!-- This site is optimized with the Yoast SEO plugin v27.4 - https:\/\/yoast.com\/product\/yoast-seo-wordpress\/ -->\n<title>Pol\u00edtica Ambiental - Matryx<\/title>\n<meta name=\"robots\" content=\"index, follow, max-snippet:-1, max-image-preview:large, max-video-preview:-1\" \/>\n<link rel=\"canonical\" href=\"https:\/\/matryxpq.com.br\/en\/politica-ambiental\/\" \/>\n<meta property=\"og:locale\" content=\"en_US\" \/>\n<meta property=\"og:type\" content=\"article\" \/>\n<meta property=\"og:title\" content=\"Pol\u00edtica Ambiental - Matryx\" \/>\n<meta property=\"og:description\" content=\"Pol\u00edtica Ambiental A MATRYX, IND\u00daSTRIA E COM\u00c9RCIO DE INSUMOS PARA O TRATAMENTO DE \u00c1GUAS, reconhece a import\u00e2ncia da responsabilidade socioambiental em suas atividades e estabelece como pol\u00edtica ambiental as seguintes diretrizes, comprometendo-se a: Atuar com responsabilidade ambiental, garantindo a preven\u00e7\u00e3o da polui\u00e7\u00e3o e o uso racional dos recursos naturais. Promover a prote\u00e7\u00e3o do meio ambiente, [&hellip;]\" \/>\n<meta property=\"og:url\" content=\"https:\/\/matryxpq.com.br\/en\/politica-ambiental\/\" \/>\n<meta property=\"og:site_name\" content=\"Matryx\" \/>\n<meta property=\"article:modified_time\" content=\"2026-02-25T13:33:19+00:00\" \/>\n<meta property=\"og:image\" content=\"https:\/\/matryxpq.com.br\/wp-content\/uploads\/2026\/01\/Logo-Matryx.png\" \/>\n\t<meta property=\"og:image:width\" content=\"1200\" \/>\n\t<meta property=\"og:image:height\" content=\"675\" \/>\n\t<meta property=\"og:image:type\" content=\"image\/png\" \/>\n<meta name=\"twitter:card\" content=\"summary_large_image\" \/>\n<meta name=\"twitter:label1\" content=\"Est. reading time\" \/>\n\t<meta name=\"twitter:data1\" content=\"1 minute\" \/>\n<script type=\"application\/ld+json\" class=\"yoast-schema-graph\">{\"@context\":\"https:\\\/\\\/schema.org\",\"@graph\":[{\"@type\":\"WebPage\",\"@id\":\"https:\\\/\\\/matryxpq.com.br\\\/politica-ambiental\\\/\",\"url\":\"https:\\\/\\\/matryxpq.com.br\\\/politica-ambiental\\\/\",\"name\":\"Pol\u00edtica Ambiental - Matryx\",\"isPartOf\":{\"@id\":\"https:\\\/\\\/matryxpq.com.br\\\/#website\"},\"datePublished\":\"2026-02-13T17:24:52+00:00\",\"dateModified\":\"2026-02-25T13:33:19+00:00\",\"breadcrumb\":{\"@id\":\"https:\\\/\\\/matryxpq.com.br\\\/politica-ambiental\\\/#breadcrumb\"},\"inLanguage\":\"en-US\",\"potentialAction\":[{\"@type\":\"ReadAction\",\"target\":[\"https:\\\/\\\/matryxpq.com.br\\\/politica-ambiental\\\/\"]}]},{\"@type\":\"BreadcrumbList\",\"@id\":\"https:\\\/\\\/matryxpq.com.br\\\/politica-ambiental\\\/#breadcrumb\",\"itemListElement\":[{\"@type\":\"ListItem\",\"position\":1,\"name\":\"In\u00edcio\",\"item\":\"https:\\\/\\\/matryxpq.com.br\\\/\"},{\"@type\":\"ListItem\",\"position\":2,\"name\":\"Pol\u00edtica Ambiental\"}]},{\"@type\":\"WebSite\",\"@id\":\"https:\\\/\\\/matryxpq.com.br\\\/#website\",\"url\":\"https:\\\/\\\/matryxpq.com.br\\\/\",\"name\":\"Matryx\",\"description\":\"Tecnologia para Tratamento de \u00c1gua e Efluentes Industriais\",\"publisher\":{\"@id\":\"https:\\\/\\\/matryxpq.com.br\\\/#organization\"},\"potentialAction\":[{\"@type\":\"SearchAction\",\"target\":{\"@type\":\"EntryPoint\",\"urlTemplate\":\"https:\\\/\\\/matryxpq.com.br\\\/?s={search_term_string}\"},\"query-input\":{\"@type\":\"PropertyValueSpecification\",\"valueRequired\":true,\"valueName\":\"search_term_string\"}}],\"inLanguage\":\"en-US\"},{\"@type\":\"Organization\",\"@id\":\"https:\\\/\\\/matryxpq.com.br\\\/#organization\",\"name\":\"Matryx\",\"url\":\"https:\\\/\\\/matryxpq.com.br\\\/\",\"logo\":{\"@type\":\"ImageObject\",\"inLanguage\":\"en-US\",\"@id\":\"https:\\\/\\\/matryxpq.com.br\\\/#\\\/schema\\\/logo\\\/image\\\/\",\"url\":\"https:\\\/\\\/matryxpq.com.br\\\/wp-content\\\/uploads\\\/2025\\\/12\\\/Favicon_Matryx.png\",\"contentUrl\":\"https:\\\/\\\/matryxpq.com.br\\\/wp-content\\\/uploads\\\/2025\\\/12\\\/Favicon_Matryx.png\",\"width\":512,\"height\":512,\"caption\":\"Matryx\"},\"image\":{\"@id\":\"https:\\\/\\\/matryxpq.com.br\\\/#\\\/schema\\\/logo\\\/image\\\/\"}}]}<\/script>\n<!-- \/ Yoast SEO plugin. -->","yoast_head_json":{"title":"Pol\u00edtica Ambiental - Matryx","robots":{"index":"index","follow":"follow","max-snippet":"max-snippet:-1","max-image-preview":"max-image-preview:large","max-video-preview":"max-video-preview:-1"},"canonical":"https:\/\/matryxpq.com.br\/en\/politica-ambiental\/","og_locale":"en_US","og_type":"article","og_title":"Pol\u00edtica Ambiental - Matryx","og_description":"Pol\u00edtica Ambiental A MATRYX, IND\u00daSTRIA E COM\u00c9RCIO DE INSUMOS PARA O TRATAMENTO DE \u00c1GUAS, reconhece a import\u00e2ncia da responsabilidade socioambiental em suas atividades e estabelece como pol\u00edtica ambiental as seguintes diretrizes, comprometendo-se a: Atuar com responsabilidade ambiental, garantindo a preven\u00e7\u00e3o da polui\u00e7\u00e3o e o uso racional dos recursos naturais. Promover a prote\u00e7\u00e3o do meio ambiente, [&hellip;]","og_url":"https:\/\/matryxpq.com.br\/en\/politica-ambiental\/","og_site_name":"Matryx","article_modified_time":"2026-02-25T13:33:19+00:00","og_image":[{"width":1200,"height":675,"url":"https:\/\/matryxpq.com.br\/wp-content\/uploads\/2026\/01\/Logo-Matryx.png","type":"image\/png"}],"twitter_card":"summary_large_image","twitter_misc":{"Est. reading time":"1 minute"},"schema":{"@context":"https:\/\/schema.org","@graph":[{"@type":"WebPage","@id":"https:\/\/matryxpq.com.br\/politica-ambiental\/","url":"https:\/\/matryxpq.com.br\/politica-ambiental\/","name":"Pol\u00edtica Ambiental - Matryx","isPartOf":{"@id":"https:\/\/matryxpq.com.br\/#website"},"datePublished":"2026-02-13T17:24:52+00:00","dateModified":"2026-02-25T13:33:19+00:00","breadcrumb":{"@id":"https:\/\/matryxpq.com.br\/politica-ambiental\/#breadcrumb"},"inLanguage":"en-US","potentialAction":[{"@type":"ReadAction","target":["https:\/\/matryxpq.com.br\/politica-ambiental\/"]}]},{"@type":"BreadcrumbList","@id":"https:\/\/matryxpq.com.br\/politica-ambiental\/#breadcrumb","itemListElement":[{"@type":"ListItem","position":1,"name":"In\u00edcio","item":"https:\/\/matryxpq.com.br\/"},{"@type":"ListItem","position":2,"name":"Pol\u00edtica Ambiental"}]},{"@type":"WebSite","@id":"https:\/\/matryxpq.com.br\/#website","url":"https:\/\/matryxpq.com.br\/","name":"Matryx","description":"Tecnologia para Tratamento de \u00c1gua e Efluentes Industriais","publisher":{"@id":"https:\/\/matryxpq.com.br\/#organization"},"potentialAction":[{"@type":"SearchAction","target":{"@type":"EntryPoint","urlTemplate":"https:\/\/matryxpq.com.br\/?s={search_term_string}"},"query-input":{"@type":"PropertyValueSpecification","valueRequired":true,"valueName":"search_term_string"}}],"inLanguage":"en-US"},{"@type":"Organization","@id":"https:\/\/matryxpq.com.br\/#organization","name":"Matryx","url":"https:\/\/matryxpq.com.br\/","logo":{"@type":"ImageObject","inLanguage":"en-US","@id":"https:\/\/matryxpq.com.br\/#\/schema\/logo\/image\/","url":"https:\/\/matryxpq.com.br\/wp-content\/uploads\/2025\/12\/Favicon_Matryx.png","contentUrl":"https:\/\/matryxpq.com.br\/wp-content\/uploads\/2025\/12\/Favicon_Matryx.png","width":512,"height":512,"caption":"Matryx"},"image":{"@id":"https:\/\/matryxpq.com.br\/#\/schema\/logo\/image\/"}}]}},"_links":{"self":[{"href":"https:\/\/matryxpq.com.br\/en\/wp-json\/wp\/v2\/pages\/2135","targetHints":{"allow":["GET"]}}],"collection":[{"href":"https:\/\/matryxpq.com.br\/en\/wp-json\/wp\/v2\/pages"}],"about":[{"href":"https:\/\/matryxpq.com.br\/en\/wp-json\/wp\/v2\/types\/page"}],"author":[{"embeddable":true,"href":"https:\/\/matryxpq.com.br\/en\/wp-json\/wp\/v2\/users\/1"}],"replies":[{"embeddable":true,"href":"https:\/\/matryxpq.com.br\/en\/wp-json\/wp\/v2\/comments?post=2135"}],"version-history":[{"count":19,"href":"https:\/\/matryxpq.com.br\/en\/wp-json\/wp\/v2\/pages\/2135\/revisions"}],"predecessor-version":[{"id":2665,"href":"https:\/\/matryxpq.com.br\/en\/wp-json\/wp\/v2\/pages\/2135\/revisions\/2665"}],"wp:attachment":[{"href":"https:\/\/matryxpq.com.br\/en\/wp-json\/wp\/v2\/media?parent=2135"}],"curies":[{"name":"wp","href":"https:\/\/api.w.org\/{rel}","templated":true}]}}